{"id":2281,"date":"2019-08-29T09:08:11","date_gmt":"2019-08-29T07:08:11","guid":{"rendered":"https:\/\/hiddesen.sawah.mobi\/?page_id=2281"},"modified":"2019-11-11T09:46:56","modified_gmt":"2019-11-11T08:46:56","slug":"1-0-1","status":"publish","type":"page","link":"https:\/\/hiddesen.sawah.mobi\/?page_id=2281","title":{"rendered":"1.0.4"},"content":{"rendered":"<p>Der KlimaErlebnisPfad Hiddesen beginnt am Donoper Teich und f\u00fchrt gleich zu Anfang zum Hochmoor Hiddeser Bent. An den H\u00e4ngen des Gro\u00dfen Ehbergs geht es hinauf bis an den Rand der D\u00f6renschlucht und schlie\u00dflich \u00fcber den Hermannsweg zur\u00fcck zum Ausgangspunkt.\u00a0Starten kannst du am besten am Wanderparkplatz Donoper Teich. Die Streckenl\u00e4nge betr\u00e4gt ca. 9,5 km.<\/p>\n","protected":false},"excerpt":{"rendered":"<p>Der KlimaErlebnisPfad Hiddesen beginnt am Donoper Teich und f\u00fchrt gleich zu Anfang zum Hochmoor Hiddeser Bent. An den H\u00e4ngen des Gro\u00dfen Ehbergs geht es hinauf bis an den Rand der D\u00f6renschlucht und schlie\u00dflich \u00fcber den Hermannsweg zur\u00fcck zum Ausgangspunkt.\u00a0Starten kannst du am besten am Wanderparkplatz Donoper Teich. Die Streckenl\u00e4nge betr\u00e4gt ca. 9,5 km.<\/p>\n","protected":false},"author":1,"featured_media":0,"parent":0,"menu_order":0,"comment_status":"closed","ping_status":"closed","template":"","meta":{"footnotes":""},"_links":{"self":[{"href":"https:\/\/hiddesen.sawah.mobi\/index.php?rest_route=\/wp\/v2\/pages\/2281"}],"collection":[{"href":"https:\/\/hiddesen.sawah.mobi\/index.php?rest_route=\/wp\/v2\/pages"}],"about":[{"href":"https:\/\/hiddesen.sawah.mobi\/index.php?rest_route=\/wp\/v2\/types\/page"}],"author":[{"embeddable":true,"href":"https:\/\/hiddesen.sawah.mobi\/index.php?rest_route=\/wp\/v2\/users\/1"}],"replies":[{"embeddable":true,"href":"https:\/\/hiddesen.sawah.mobi\/index.php?rest_route=%2Fwp%2Fv2%2Fcomments&post=2281"}],"version-history":[{"count":5,"href":"https:\/\/hiddesen.sawah.mobi\/index.php?rest_route=\/wp\/v2\/pages\/2281\/revisions"}],"predecessor-version":[{"id":2295,"href":"https:\/\/hiddesen.sawah.mobi\/index.php?rest_route=\/wp\/v2\/pages\/2281\/revisions\/2295"}],"wp:attachment":[{"href":"https:\/\/hiddesen.sawah.mobi\/index.php?rest_route=%2Fwp%2Fv2%2Fmedia&parent=2281"}],"curies":[{"name":"wp","href":"https:\/\/api.w.org\/{rel}","templated":true}]}}