{"id":2165,"date":"2014-07-05T18:38:19","date_gmt":"2014-07-05T16:38:19","guid":{"rendered":"https:\/\/hiddesen.sawah.mobi\/?page_id=2165"},"modified":"2024-07-01T12:29:51","modified_gmt":"2024-07-01T10:29:51","slug":"kyrill-und-konsorten","status":"publish","type":"page","link":"https:\/\/hiddesen.sawah.mobi\/?page_id=2165","title":{"rendered":"Erlebnispunkt 10: Kyrill und Konsorten"},"content":{"rendered":"<p><span style=\"color: #666666;\">In der Nacht vom 18.-19. Januar 2007 w\u00fctete der Orkan Kyrill. Die B\u00f6en erreichten Windgeschwindigkeiten von fast 140 km\/h. Nordrhein-Westfalen erlebte den bisher folgenschwersten Sturm in der Geschichte seiner W\u00e4lder. Die H\u00e4lfte aller deutschen Sch\u00e4den wurden hier verzeichnet,\u00a0fast 25 Millionen B\u00e4ume wurden umgew\u00fctet, die Holzmenge entsprach mehr als dem dreifachen\u00a0Jahreseinschlag.\u00a0<\/span><\/p>\n<p><span style=\"color: #666666;\">Es ist umstritten, ob solche Extremereignisse und intensive Niederschlagsereignisse\u00a0auf den Klimawandel zur\u00fcckzuf\u00fchren sind, denn \u00e4hnliche\u00a0Vorkommnisse gab es schon immer. Windmessungen sind vieler Fehler unterworfen und die\u00a0Trendaussagen\u00a0zu bundesweit einheitlichen, maximalen und mittleren Windgeschwindigkeiten schwierig. Mit einer gewissen Vorsicht l\u00e4sst sich jedoch sagen, dass die Wahrscheinlichkeit f\u00fcr Extremwetterereignisse im Winter zu- und im Sommer abgenommen hat.\u00a0Extremwetterereignisse haben durch den Klimawandel\u00a0anscheinend allgemein nicht zugenommen, aber die Zugbahnen und die Anzahl der nordatlantischen Sturmtiefs scheinen vom Klimawandel beeinflusst zu sein. Die Anzahl der schweren Sturmtage soll von 2036-2065 um 28% im Vergleich zu 1961-1990 steigen, die der Orkantage um 60%. <\/span><\/p>\n<p><span style=\"color: #666666;\">F\u00fcr Nordrhein-Westfalen wird anhand der Baumartenzusammensetzung, den topographischen Verh\u00e4ltnissen, den Bodeneigenschaften und den\u00a0zuk\u00fcnftigen Sturmh\u00e4ufigkeiten\u00a0das Sturmwurfrisiko modelliert. Im Naturpark sind die nadelholzreichen Gebiete des Teutoburger Waldes und die stark windexponierten Lagen des Eggegebirges besonders gef\u00e4hrdet.<\/span><\/p>","protected":false},"excerpt":{"rendered":"<p>In der Nacht vom 18.-19. Januar 2007 w\u00fctete der Orkan Kyrill. Die B\u00f6en erreichten Windgeschwindigkeiten von fast 140 km\/h. Nordrhein-Westfalen erlebte den bisher folgenschwersten Sturm in der Geschichte seiner W\u00e4lder. Die H\u00e4lfte aller deutschen Sch\u00e4den wurden hier verzeichnet,\u00a0fast 25 Millionen B\u00e4ume wurden umgew\u00fctet, die Holzmenge entsprach mehr als dem dreifachen\u00a0Jahreseinschlag.\u00a0 Es ist umstritten, ob solche &hellip; <\/p>\n<p class=\"link-more\"><a href=\"https:\/\/hiddesen.sawah.mobi\/?page_id=2165\" class=\"more-link\"><span class=\"screen-reader-text\">\u201eErlebnispunkt 10: Kyrill und Konsorten\u201c<\/span> weiterlesen<\/a><\/p>\n","protected":false},"author":1,"featured_media":2333,"parent":0,"menu_order":0,"comment_status":"open","ping_status":"open","template":"","meta":{"footnotes":""},"_links":{"self":[{"href":"https:\/\/hiddesen.sawah.mobi\/index.php?rest_route=\/wp\/v2\/pages\/2165"}],"collection":[{"href":"https:\/\/hiddesen.sawah.mobi\/index.php?rest_route=\/wp\/v2\/pages"}],"about":[{"href":"https:\/\/hiddesen.sawah.mobi\/index.php?rest_route=\/wp\/v2\/types\/page"}],"author":[{"embeddable":true,"href":"https:\/\/hiddesen.sawah.mobi\/index.php?rest_route=\/wp\/v2\/users\/1"}],"replies":[{"embeddable":true,"href":"https:\/\/hiddesen.sawah.mobi\/index.php?rest_route=%2Fwp%2Fv2%2Fcomments&post=2165"}],"version-history":[{"count":6,"href":"https:\/\/hiddesen.sawah.mobi\/index.php?rest_route=\/wp\/v2\/pages\/2165\/revisions"}],"predecessor-version":[{"id":2332,"href":"https:\/\/hiddesen.sawah.mobi\/index.php?rest_route=\/wp\/v2\/pages\/2165\/revisions\/2332"}],"wp:featuredmedia":[{"embeddable":true,"href":"https:\/\/hiddesen.sawah.mobi\/index.php?rest_route=\/wp\/v2\/media\/2333"}],"wp:attachment":[{"href":"https:\/\/hiddesen.sawah.mobi\/index.php?rest_route=%2Fwp%2Fv2%2Fmedia&parent=2165"}],"curies":[{"name":"wp","href":"https:\/\/api.w.org\/{rel}","templated":true}]}}