{"id":2155,"date":"2014-07-05T18:30:51","date_gmt":"2014-07-05T16:30:51","guid":{"rendered":"https:\/\/hiddesen.sawah.mobi\/?page_id=2155"},"modified":"2024-07-01T12:08:57","modified_gmt":"2024-07-01T10:08:57","slug":"gleiches-und-doch-so-verschieden","status":"publish","type":"page","link":"https:\/\/hiddesen.sawah.mobi\/?page_id=2155","title":{"rendered":"Erlebnispunkt 6: Gleiches und doch so verschieden"},"content":{"rendered":"<p><\/p>\n<p style=\"color: #666666;\">Mit 300 m Meeresh\u00f6he haben wir hier\u00a0am Gro\u00dfen Ehberg den h\u00f6chsten Punkt unserer Tour erreicht. Machen Sie eine Pause und stellen Sie sich vor, Sie w\u00e4ren gerade im Bayerischen Wald, in der kasachischen Steppe oder an den H\u00e4ngen eines karibischen K\u00fcstenwaldes. Wie ist das Klima dort?<\/p>\n<p style=\"color: #666666;\">Im Bayerischen Wald\u00a0f\u00e4llt \u00e4hnlich viel Niederschlag\u00a0wie im Teutoburger Wald. Dort gibt es hoch gelegene T\u00e4ler mit einer Jahresdurchschnittstemperatur von 5-6 \u00b0C, es liegt fast halbj\u00e4hrlich Schnee.\u00a0Bei uns\u00a0liegt die Jahresdurchschnittstemperatur bei 8,5 \u00b0C. Der Bayerische Wald\u00a0ist weiter weg\u00a0vom Meer als der\u00a0Teutoburger Wald und kann nicht so stark von den ausgleichenden und milden Luftmassen profitieren.<\/p>\n<p style=\"color: #666666;\">Die kasachische Steppe ist die gr\u00f6\u00dfte Trockensteppe der Erde.\u00a0Mitten auf der riesigen Landmasse des eurasischen Kontinents,\u00a0liegt bei gleicher Meeresh\u00f6he und auf dem gleichen Breitengrad wie\u00a0der Teutoburger Wald die Hauptstadt Kasachstans, Astana. Sie\u00a0ist die k\u00e4lteste Hauptstadt der Erde,\u00a0im Winter ist es teilweise -40 \u00b0C kalt, im Sommer sind +35\u00a0\u00b0C keine Seltenheit. Das liegt auch hier am Einflu\u00df der kontinentalen Landmasse. Die kann, anders als ein Ozean, nur schlecht W\u00e4rme und K\u00e4lte speichern.<\/p>\n<p style=\"color: #666666;\">Denken wir uns zum Schluss in einen karibischen K\u00fcstenwald. Auch auf 300 m H\u00f6he wie der Ehberg, allerdings ganz nah an den \u00c4quator. Die Jahresdurchschnittstemperatur liegt\u00a0bei +25\u00a0\u00b0C und es f\u00e4llt mehr als doppelt so viel Niederschlag wie im Teutoburger Wald. Das Klima ist gut f\u00fcr Kaffeepflanzen, wir aber\u00a0k\u00e4men dort ganz sch\u00f6n ins Schwitzen.<\/p>\n<p><figure id=\"attachment_2317\" aria-describedby=\"caption-attachment-2317\" style=\"width: 300px\" class=\"wp-caption alignnone\"><a href=\"https:\/\/hiddesen.sawah.mobi\/wp-content\/uploads\/2024\/07\/S.-20-Bayrischer-Wald-AdobeStock_160299119-scaled.jpeg\"><img loading=\"lazy\" decoding=\"async\" src=\"https:\/\/hiddesen.sawah.mobi\/wp-content\/uploads\/2024\/07\/S.-20-Bayrischer-Wald-AdobeStock_160299119-300x169.jpeg\" alt=\"\" width=\"300\" height=\"169\" class=\"size-medium wp-image-2317\" srcset=\"https:\/\/hiddesen.sawah.mobi\/wp-content\/uploads\/2024\/07\/S.-20-Bayrischer-Wald-AdobeStock_160299119-300x169.jpeg 300w, https:\/\/hiddesen.sawah.mobi\/wp-content\/uploads\/2024\/07\/S.-20-Bayrischer-Wald-AdobeStock_160299119-1024x576.jpeg 1024w, https:\/\/hiddesen.sawah.mobi\/wp-content\/uploads\/2024\/07\/S.-20-Bayrischer-Wald-AdobeStock_160299119-768x432.jpeg 768w, https:\/\/hiddesen.sawah.mobi\/wp-content\/uploads\/2024\/07\/S.-20-Bayrischer-Wald-AdobeStock_160299119-1536x864.jpeg 1536w, https:\/\/hiddesen.sawah.mobi\/wp-content\/uploads\/2024\/07\/S.-20-Bayrischer-Wald-AdobeStock_160299119-2048x1152.jpeg 2048w\" sizes=\"(max-width: 300px) 100vw, 300px\" \/><\/a><figcaption id=\"caption-attachment-2317\" class=\"wp-caption-text\">Bayrischer Wald \u00a9 Adobe Stock \/ 160299119<\/figcaption><\/figure><a href=\"https:\/\/hiddesen.sawah.mobi\/wp-content\/uploads\/2024\/07\/S.-20-kassachische-Steppe-AdobeStock-scaled.jpeg\"><img loading=\"lazy\" decoding=\"async\" src=\"https:\/\/hiddesen.sawah.mobi\/wp-content\/uploads\/2024\/07\/S.-20-kassachische-Steppe-AdobeStock-300x59.jpeg\" alt=\"\" width=\"300\" height=\"59\" class=\"alignnone size-medium wp-image-2319\" srcset=\"https:\/\/hiddesen.sawah.mobi\/wp-content\/uploads\/2024\/07\/S.-20-kassachische-Steppe-AdobeStock-300x59.jpeg 300w, https:\/\/hiddesen.sawah.mobi\/wp-content\/uploads\/2024\/07\/S.-20-kassachische-Steppe-AdobeStock-1024x200.jpeg 1024w, https:\/\/hiddesen.sawah.mobi\/wp-content\/uploads\/2024\/07\/S.-20-kassachische-Steppe-AdobeStock-768x150.jpeg 768w, https:\/\/hiddesen.sawah.mobi\/wp-content\/uploads\/2024\/07\/S.-20-kassachische-Steppe-AdobeStock-1536x300.jpeg 1536w, https:\/\/hiddesen.sawah.mobi\/wp-content\/uploads\/2024\/07\/S.-20-kassachische-Steppe-AdobeStock-2048x400.jpeg 2048w\" sizes=\"(max-width: 300px) 100vw, 300px\" \/><\/a> Kasachische Steppe  \u00a9 Adobe Stock \/ Stone36 <figure id=\"attachment_2320\" aria-describedby=\"caption-attachment-2320\" style=\"width: 300px\" class=\"wp-caption alignnone\"><a href=\"https:\/\/hiddesen.sawah.mobi\/wp-content\/uploads\/2024\/07\/S.-20-karibischer-Kuestenwald-AdobeStock.jpeg\"><img loading=\"lazy\" decoding=\"async\" src=\"https:\/\/hiddesen.sawah.mobi\/wp-content\/uploads\/2024\/07\/S.-20-karibischer-Kuestenwald-AdobeStock-300x200.jpeg\" alt=\"\" width=\"300\" height=\"200\" class=\"size-medium wp-image-2320\" srcset=\"https:\/\/hiddesen.sawah.mobi\/wp-content\/uploads\/2024\/07\/S.-20-karibischer-Kuestenwald-AdobeStock-300x200.jpeg 300w, https:\/\/hiddesen.sawah.mobi\/wp-content\/uploads\/2024\/07\/S.-20-karibischer-Kuestenwald-AdobeStock-768x512.jpeg 768w, https:\/\/hiddesen.sawah.mobi\/wp-content\/uploads\/2024\/07\/S.-20-karibischer-Kuestenwald-AdobeStock.jpeg 1000w\" sizes=\"(max-width: 300px) 100vw, 300px\" \/><\/a><figcaption id=\"caption-attachment-2320\" class=\"wp-caption-text\">Karibischer K\u00fcstenwald   \u00a9 Adobe Stock \/ Kwisak<\/figcaption><\/figure><\/p>","protected":false},"excerpt":{"rendered":"<p>Mit 300 m Meeresh\u00f6he haben wir hier\u00a0am Gro\u00dfen Ehberg den h\u00f6chsten Punkt unserer Tour erreicht. Machen Sie eine Pause und stellen Sie sich vor, Sie w\u00e4ren gerade im Bayerischen Wald, in der kasachischen Steppe oder an den H\u00e4ngen eines karibischen K\u00fcstenwaldes. Wie ist das Klima dort? Im Bayerischen Wald\u00a0f\u00e4llt \u00e4hnlich viel Niederschlag\u00a0wie im Teutoburger Wald. &hellip; <\/p>\n<p class=\"link-more\"><a href=\"https:\/\/hiddesen.sawah.mobi\/?page_id=2155\" class=\"more-link\"><span class=\"screen-reader-text\">\u201eErlebnispunkt 6: Gleiches und doch so verschieden\u201c<\/span> weiterlesen<\/a><\/p>\n","protected":false},"author":1,"featured_media":0,"parent":0,"menu_order":0,"comment_status":"open","ping_status":"open","template":"","meta":{"footnotes":""},"_links":{"self":[{"href":"https:\/\/hiddesen.sawah.mobi\/index.php?rest_route=\/wp\/v2\/pages\/2155"}],"collection":[{"href":"https:\/\/hiddesen.sawah.mobi\/index.php?rest_route=\/wp\/v2\/pages"}],"about":[{"href":"https:\/\/hiddesen.sawah.mobi\/index.php?rest_route=\/wp\/v2\/types\/page"}],"author":[{"embeddable":true,"href":"https:\/\/hiddesen.sawah.mobi\/index.php?rest_route=\/wp\/v2\/users\/1"}],"replies":[{"embeddable":true,"href":"https:\/\/hiddesen.sawah.mobi\/index.php?rest_route=%2Fwp%2Fv2%2Fcomments&post=2155"}],"version-history":[{"count":8,"href":"https:\/\/hiddesen.sawah.mobi\/index.php?rest_route=\/wp\/v2\/pages\/2155\/revisions"}],"predecessor-version":[{"id":2346,"href":"https:\/\/hiddesen.sawah.mobi\/index.php?rest_route=\/wp\/v2\/pages\/2155\/revisions\/2346"}],"wp:attachment":[{"href":"https:\/\/hiddesen.sawah.mobi\/index.php?rest_route=%2Fwp%2Fv2%2Fmedia&parent=2155"}],"curies":[{"name":"wp","href":"https:\/\/api.w.org\/{rel}","templated":true}]}}