{"id":2142,"date":"2014-07-05T18:18:11","date_gmt":"2014-07-05T16:18:11","guid":{"rendered":"https:\/\/hiddesen.sawah.mobi\/?page_id=2142"},"modified":"2024-07-01T11:36:46","modified_gmt":"2024-07-01T09:36:46","slug":"regenfaenger","status":"publish","type":"page","link":"https:\/\/hiddesen.sawah.mobi\/?page_id=2142","title":{"rendered":"Erlebnispunkt 2: Regenf\u00e4nger"},"content":{"rendered":"<p><\/p>\n<p style=\"color: #666666;\">Sind Ihnen auf den letzten Metern des Weges die von Efeu stark bewachsenen B\u00e4ume im Wald aufgefallen? Efeu ist eine immergr\u00fcne Kletterpflanze und w\u00e4chst besonders gerne in schattigen, luftfeuchten Laubw\u00e4ldern. Mancherorts fallen hier im Durchschnitt mehr als 1.200 mm Niederschlag\u00a0pro Jahr.<\/p>\n<p style=\"color: #666666;\">Warum es hier so oft regnet? Das liegt zum einen\u00a0daran, dass\u00a0die feuchten Luftmassen\u00a0vom Atlantik bis hierher kommen, zum anderen bleiben sie dann an den Gebirgsz\u00fcgen von Teutoburger Wald und Eggegebirge h\u00e4ngen. Sie steigen auf und k\u00fchlen sich dabei ab. Kalte Luft speichert aber weniger Wasser als w\u00e4rmere Luft, deshalb f\u00e4ngt es hier h\u00e4ufig an zu regnen. Man spricht auch von Steigungsregen.<\/p>\n<p style=\"color: #666666;\">Sie erreichen gleich das Hiddeser Bent, das letzte noch lebende Hochmoor des Teutoburger Waldes, es liegt zwischen der Mulde des Kahlen Ehbergs im Nordosten und der Sternschanze. Seine Geschichte beginnt vor 9000 Jahren. Der h\u00e4ufige Regen ist auch daf\u00fcr verantwortlich, dass es hier Moore gibt. Die feuchten Luftmassen zogen vom Atlantik hierher und\u00a0die Gebirgsh\u00e4nge sorgten damals schon f\u00fcr Steigungsregen und k\u00fchle Luft, zusammen mit wasserstauenden Untergrund gab es dann einen Wasser\u00fcberschuss. Typische Bedingungen f\u00fcr die Entstehung von Torf und damit eines Moores. Die Torfschicht wurde irgendwann so m\u00e4chtig, dass sie nicht mehr vom Grundwasser gespeist werden konnte, sondern nur noch\u00a0von Wasser aus\u00a0Luft und Regen, dann spricht man bei Mooren von Hochmoor.<\/p>\n<p><\/p>","protected":false},"excerpt":{"rendered":"<p>Sind Ihnen auf den letzten Metern des Weges die von Efeu stark bewachsenen B\u00e4ume im Wald aufgefallen? Efeu ist eine immergr\u00fcne Kletterpflanze und w\u00e4chst besonders gerne in schattigen, luftfeuchten Laubw\u00e4ldern. Mancherorts fallen hier im Durchschnitt mehr als 1.200 mm Niederschlag\u00a0pro Jahr. Warum es hier so oft regnet? Das liegt zum einen\u00a0daran, dass\u00a0die feuchten Luftmassen\u00a0vom Atlantik &hellip; <\/p>\n<p class=\"link-more\"><a href=\"https:\/\/hiddesen.sawah.mobi\/?page_id=2142\" class=\"more-link\"><span class=\"screen-reader-text\">\u201eErlebnispunkt 2: Regenf\u00e4nger\u201c<\/span> weiterlesen<\/a><\/p>\n","protected":false},"author":1,"featured_media":2303,"parent":0,"menu_order":0,"comment_status":"open","ping_status":"open","template":"","meta":{"footnotes":""},"_links":{"self":[{"href":"https:\/\/hiddesen.sawah.mobi\/index.php?rest_route=\/wp\/v2\/pages\/2142"}],"collection":[{"href":"https:\/\/hiddesen.sawah.mobi\/index.php?rest_route=\/wp\/v2\/pages"}],"about":[{"href":"https:\/\/hiddesen.sawah.mobi\/index.php?rest_route=\/wp\/v2\/types\/page"}],"author":[{"embeddable":true,"href":"https:\/\/hiddesen.sawah.mobi\/index.php?rest_route=\/wp\/v2\/users\/1"}],"replies":[{"embeddable":true,"href":"https:\/\/hiddesen.sawah.mobi\/index.php?rest_route=%2Fwp%2Fv2%2Fcomments&post=2142"}],"version-history":[{"count":13,"href":"https:\/\/hiddesen.sawah.mobi\/index.php?rest_route=\/wp\/v2\/pages\/2142\/revisions"}],"predecessor-version":[{"id":2343,"href":"https:\/\/hiddesen.sawah.mobi\/index.php?rest_route=\/wp\/v2\/pages\/2142\/revisions\/2343"}],"wp:featuredmedia":[{"embeddable":true,"href":"https:\/\/hiddesen.sawah.mobi\/index.php?rest_route=\/wp\/v2\/media\/2303"}],"wp:attachment":[{"href":"https:\/\/hiddesen.sawah.mobi\/index.php?rest_route=%2Fwp%2Fv2%2Fmedia&parent=2142"}],"curies":[{"name":"wp","href":"https:\/\/api.w.org\/{rel}","templated":true}]}}