{"id":2138,"date":"2014-07-05T18:14:32","date_gmt":"2014-07-05T16:14:32","guid":{"rendered":"https:\/\/hiddesen.sawah.mobi\/?page_id=2138"},"modified":"2024-07-08T13:19:27","modified_gmt":"2024-07-08T11:19:27","slug":"hiddeser-bent","status":"publish","type":"page","link":"https:\/\/hiddesen.sawah.mobi\/?page_id=2138","title":{"rendered":"Startpunkt: KlimaErlebnisRoute 1 Hiddeser Bent"},"content":{"rendered":"<p><span style=\"color: #666666;\">Der GPS-KlimaErlebnisPfad Hiddeser Bent beginnt am Donoper Teich. Die Umgebung hat einen sandigen\u00a0Untergrund und\u00a0ist mit viel Wald bewachsen. <span style=\"color: #666666;\">Es regnet hier viel. Gleich zu Anfang f\u00fchrt der Weg<\/span> dann zum Hochmoor Hiddeser Bent. Die zahlreichen Niederschl\u00e4ge und ein wasserundurchl\u00e4ssiger Untergrund lie\u00dfen dieses Hochmoor entstehen. Anschlie\u00dfend wandern wir um den Kahlen Ehberg herum an den H\u00e4ngen des Gro\u00dfen Ehbergs. Fossile \u00dcberreste\u00a0von Meerestieren zeigen uns dort im Steinbruch, wie sehr der Klimawandel das Leben auf unserem Planeten ver\u00e4ndern kann. Dann geht es hinauf bis an den Rand der D\u00f6renschlucht und schlie\u00dflich \u00fcber den Hermannsweg zur\u00fcck zum Ausgangspunkt. <\/span><\/p>\n<p><span style=\"color: #666666;\"> <strong>Hinweis: <\/strong> Nach ungef\u00e4hr drei Vierteln der Wegstrecke kommen Sie am Freibad &#8222;Fischerteich&#8220; von Pivitsheide V.L. vorbei. An einem hei\u00dfen Tag bietet sich hier eine willkommene Gelegenheit zur Erfrischung vor dem letzten Wegeabschnitt<\/span><\/p>","protected":false},"excerpt":{"rendered":"<p>Der GPS-KlimaErlebnisPfad Hiddeser Bent beginnt am Donoper Teich. Die Umgebung hat einen sandigen\u00a0Untergrund und\u00a0ist mit viel Wald bewachsen. Es regnet hier viel. Gleich zu Anfang f\u00fchrt der Weg dann zum Hochmoor Hiddeser Bent. Die zahlreichen Niederschl\u00e4ge und ein wasserundurchl\u00e4ssiger Untergrund lie\u00dfen dieses Hochmoor entstehen. Anschlie\u00dfend wandern wir um den Kahlen Ehberg herum an den H\u00e4ngen &hellip; <\/p>\n<p class=\"link-more\"><a href=\"https:\/\/hiddesen.sawah.mobi\/?page_id=2138\" class=\"more-link\"><span class=\"screen-reader-text\">\u201eStartpunkt: KlimaErlebnisRoute 1 Hiddeser Bent\u201c<\/span> weiterlesen<\/a><\/p>\n","protected":false},"author":1,"featured_media":2254,"parent":0,"menu_order":0,"comment_status":"open","ping_status":"open","template":"","meta":{"footnotes":""},"_links":{"self":[{"href":"https:\/\/hiddesen.sawah.mobi\/index.php?rest_route=\/wp\/v2\/pages\/2138"}],"collection":[{"href":"https:\/\/hiddesen.sawah.mobi\/index.php?rest_route=\/wp\/v2\/pages"}],"about":[{"href":"https:\/\/hiddesen.sawah.mobi\/index.php?rest_route=\/wp\/v2\/types\/page"}],"author":[{"embeddable":true,"href":"https:\/\/hiddesen.sawah.mobi\/index.php?rest_route=\/wp\/v2\/users\/1"}],"replies":[{"embeddable":true,"href":"https:\/\/hiddesen.sawah.mobi\/index.php?rest_route=%2Fwp%2Fv2%2Fcomments&post=2138"}],"version-history":[{"count":9,"href":"https:\/\/hiddesen.sawah.mobi\/index.php?rest_route=\/wp\/v2\/pages\/2138\/revisions"}],"predecessor-version":[{"id":2341,"href":"https:\/\/hiddesen.sawah.mobi\/index.php?rest_route=\/wp\/v2\/pages\/2138\/revisions\/2341"}],"wp:featuredmedia":[{"embeddable":true,"href":"https:\/\/hiddesen.sawah.mobi\/index.php?rest_route=\/wp\/v2\/media\/2254"}],"wp:attachment":[{"href":"https:\/\/hiddesen.sawah.mobi\/index.php?rest_route=%2Fwp%2Fv2%2Fmedia&parent=2138"}],"curies":[{"name":"wp","href":"https:\/\/api.w.org\/{rel}","templated":true}]}}