{"id":2119,"date":"2014-06-05T18:45:25","date_gmt":"2014-06-05T16:45:25","guid":{"rendered":"http:\/\/toensberg.sawah.mobi\/?page_id=2119"},"modified":"2019-08-30T05:59:27","modified_gmt":"2019-08-30T03:59:27","slug":"naturparkfuehrer","status":"publish","type":"page","link":"https:\/\/hiddesen.sawah.mobi\/?page_id=2119","title":{"rendered":"Naturparkf\u00fchrer"},"content":{"rendered":"<p>Die Naturparkf\u00fchrer Teutoburger Wald e.V. bieten ganzj\u00e4hrig gef\u00fchrte Wanderungen im Naturpark Teutoburger Wald \/ Eggegebirge an.<\/p>\n<p>Bei den F\u00fchrungen werden auch Wanderungen auf den GPS-Erlebnispfaden angeboten.<\/p>","protected":false},"excerpt":{"rendered":"<p>Die Naturparkf\u00fchrer Teutoburger Wald e.V. bieten ganzj\u00e4hrig gef\u00fchrte Wanderungen im Naturpark Teutoburger Wald \/ Eggegebirge an. Bei den F\u00fchrungen werden auch Wanderungen auf den GPS-Erlebnispfaden angeboten.<\/p>\n","protected":false},"author":1,"featured_media":0,"parent":0,"menu_order":0,"comment_status":"open","ping_status":"closed","template":"","meta":{"footnotes":""},"_links":{"self":[{"href":"https:\/\/hiddesen.sawah.mobi\/index.php?rest_route=\/wp\/v2\/pages\/2119"}],"collection":[{"href":"https:\/\/hiddesen.sawah.mobi\/index.php?rest_route=\/wp\/v2\/pages"}],"about":[{"href":"https:\/\/hiddesen.sawah.mobi\/index.php?rest_route=\/wp\/v2\/types\/page"}],"author":[{"embeddable":true,"href":"https:\/\/hiddesen.sawah.mobi\/index.php?rest_route=\/wp\/v2\/users\/1"}],"replies":[{"embeddable":true,"href":"https:\/\/hiddesen.sawah.mobi\/index.php?rest_route=%2Fwp%2Fv2%2Fcomments&post=2119"}],"version-history":[{"count":1,"href":"https:\/\/hiddesen.sawah.mobi\/index.php?rest_route=\/wp\/v2\/pages\/2119\/revisions"}],"predecessor-version":[{"id":2287,"href":"https:\/\/hiddesen.sawah.mobi\/index.php?rest_route=\/wp\/v2\/pages\/2119\/revisions\/2287"}],"wp:attachment":[{"href":"https:\/\/hiddesen.sawah.mobi\/index.php?rest_route=%2Fwp%2Fv2%2Fmedia&parent=2119"}],"curies":[{"name":"wp","href":"https:\/\/api.w.org\/{rel}","templated":true}]}}